{"id":435,"date":"2017-04-18T14:52:09","date_gmt":"2017-04-18T11:52:09","guid":{"rendered":"http:\/\/www.nicdarkthemes.com\/themes\/charity\/wp\/demo\/charity-foundation\/?page_id=435"},"modified":"2022-01-03T06:38:23","modified_gmt":"2022-01-03T03:38:23","slug":"partner","status":"publish","type":"page","link":"https:\/\/anvtrust.org\/tr\/partner\/","title":{"rendered":"\u0130\u015e B\u0130RL\u0130KLER\u0130"},"content":{"rendered":"<p>[vc_row][vc_column css=&#8221;.vc_custom_1467360650255{margin-top: 10px !important;margin-bottom: 10px !important;padding-top: 0px !important;padding-right: 40px !important;}&#8221;]<div style=\"background-color:; height: 30px;\" class=\"nicdark_section  \"><\/div> <h1 style=\"color:#727475; padding:px; text-align:; font-size:40px; line-height:50px; letter-spacing: px; font-weight:bold;\" class=\"  nd_options_text_align_center_responsive_important nd_options_first_font \">PARTNERLER\u0130M\u0130Z<\/h1> <div style=\"background-color:; height: 30px;\" class=\"nicdark_section  \"><\/div>[\/vc_column][\/vc_row][vc_row][vc_column][vc_images_carousel images=&#8221;1473,1474,1558,1475,1472&#8243; img_size=&#8221;full&#8221; slides_per_view=&#8221;5&#8243; hide_pagination_control=&#8221;yes&#8221; hide_prev_next_buttons=&#8221;yes&#8221;]<div style=\"background-color:; height: 30px;\" class=\"nicdark_section  \"><\/div>[vc_separator][\/vc_column][\/vc_row]<\/p>\n","protected":false},"excerpt":{"rendered":"<p>[vc_row][vc_column css=&#8221;.vc_custom_1467360650255{margin-top: 10px !important;margin-bottom: 10px !important;padding-top: 0px !important;padding-right: 40px !important;}&#8221;][\/vc_column][\/vc_row][vc_row][vc_column][vc_images_carousel images=&#8221;1473,1474,1558,1475,1472&#8243; img_size=&#8221;full&#8221; slides_per_view=&#8221;5&#8243; hide_pagination_control=&#8221;yes&#8221; hide_prev_next_buttons=&#8221;yes&#8221;][vc_separator][\/vc_column][\/vc_row]<\/p>\n","protected":false},"author":1,"featured_media":0,"parent":0,"menu_order":7,"comment_status":"closed","ping_status":"closed","template":"","meta":[],"_links":{"self":[{"href":"https:\/\/anvtrust.org\/tr\/wp-json\/wp\/v2\/pages\/435"}],"collection":[{"href":"https:\/\/anvtrust.org\/tr\/wp-json\/wp\/v2\/pages"}],"about":[{"href":"https:\/\/anvtrust.org\/tr\/wp-json\/wp\/v2\/types\/page"}],"author":[{"embeddable":true,"href":"https:\/\/anvtrust.org\/tr\/wp-json\/wp\/v2\/users\/1"}],"replies":[{"embeddable":true,"href":"https:\/\/anvtrust.org\/tr\/wp-json\/wp\/v2\/comments?post=435"}],"version-history":[{"count":1,"href":"https:\/\/anvtrust.org\/tr\/wp-json\/wp\/v2\/pages\/435\/revisions"}],"predecessor-version":[{"id":1667,"href":"https:\/\/anvtrust.org\/tr\/wp-json\/wp\/v2\/pages\/435\/revisions\/1667"}],"wp:attachment":[{"href":"https:\/\/anvtrust.org\/tr\/wp-json\/wp\/v2\/media?parent=435"}],"curies":[{"name":"wp","href":"https:\/\/api.w.org\/{rel}","templated":true}]}}