{"id":433,"date":"2017-04-18T14:51:56","date_gmt":"2017-04-18T11:51:56","guid":{"rendered":"http:\/\/www.nicdarkthemes.com\/themes\/charity\/wp\/demo\/charity-foundation\/?page_id=433"},"modified":"2017-04-18T14:51:56","modified_gmt":"2017-04-18T11:51:56","slug":"iletisim","status":"publish","type":"page","link":"https:\/\/anvtrust.org\/tr\/iletisim\/","title":{"rendered":"\u0130LET\u0130\u015e\u0130M"},"content":{"rendered":"<p>[vc_row css=&#8221;.vc_custom_1492593618245{margin-top: 40px !important;}&#8221;][vc_column width=&#8221;1\/4&#8243;][\/vc_column][vc_column width=&#8221;1\/2&#8243;]<div style=\"background-color:; height: 20px;\" class=\"nicdark_section  \"><\/div> <h3 style=\"color:#727475; padding:px; text-align:; font-size:20px; line-height:20px; letter-spacing: px; font-weight:normal;\" class=\"   nd_options_first_font \">Adres<\/h3> <div style=\"background-color:; height: 30px;\" class=\"nicdark_section  \"><\/div>[vc_column_text]Adres : 20 Goring Avenue Aucklandpark, Johannesburg, South Africa[\/vc_column_text]<div style=\"background-color:; height: 35px;\" class=\"nicdark_section  \"><\/div>[\/vc_column][vc_column width=&#8221;1\/4&#8243;][\/vc_column][\/vc_row][vc_row css=&#8221;.vc_custom_1492593618245{margin-top: 40px !important;}&#8221;][vc_column width=&#8221;1\/4&#8243;][\/vc_column][vc_column width=&#8221;1\/2&#8243;]<div style=\"background-color:; height: 20px;\" class=\"nicdark_section  \"><\/div> <h3 style=\"color:#727475; padding:px; text-align:; font-size:20px; line-height:20px; letter-spacing: px; font-weight:normal;\" class=\"   nd_options_first_font \">\u0130leti\u015fim Formu<\/h3> <div style=\"background-color:; height: 20px;\" class=\"nicdark_section  \"><\/div>\r\n\r\n    <style>\r\n\r\n    #nd_options_shortcode_cf7_1440 input[type=\"text\"],\r\n    #nd_options_shortcode_cf7_1440 input[type=\"email\"],\r\n    #nd_options_shortcode_cf7_1440 input[type=\"url\"],\r\n    #nd_options_shortcode_cf7_1440 input[type=\"tel\"],\r\n    #nd_options_shortcode_cf7_1440 input[type=\"number\"],\r\n    #nd_options_shortcode_cf7_1440 input[type=\"date\"],\r\n    #nd_options_shortcode_cf7_1440 input[type=\"checkbox\"],\r\n    #nd_options_shortcode_cf7_1440 input[type=\"file\"],\r\n    #nd_options_shortcode_cf7_1440 textarea,\r\n    #nd_options_shortcode_cf7_1440 label,\r\n    #nd_options_shortcode_cf7_1440 select\r\n    {\r\n\r\n      width: 100%;\r\n\r\n    }\r\n\r\n\r\n    .nd_options_customizer_forms span.wpcf7-not-valid-tip,\r\n    .nd_options_customizer_forms .wpcf7-response-output.wpcf7-validation-errors,\r\n    .nd_options_customizer_forms .wpcf7-response-output.wpcf7-mail-sent-ok\r\n    {\r\n\r\n      float: left;\r\n      width: 100%;\r\n      box-sizing: border-box;\r\n\r\n    }\r\n\r\n    <\/style>\r\n\r\n  \r\n\r\n    <!--start form-->\r\n    <div id=\"nd_options_shortcode_cf7_1440\" class=\"nd_options_section \">\r\n      \r\n      <div class=\"nd_options_section nd_options_box_sizing_border_box\">\r\n        <div role=\"form\" class=\"wpcf7\" id=\"wpcf7-f1440-o1\" lang=\"tr-TR\" dir=\"ltr\">\n<div class=\"screen-reader-response\"><p role=\"status\" aria-live=\"polite\" aria-atomic=\"true\"><\/p> <ul><\/ul><\/div>\n<form action=\"\/tr\/wp-json\/wp\/v2\/pages\/433#wpcf7-f1440-o1\" method=\"post\" class=\"wpcf7-form init\" novalidate=\"novalidate\" data-status=\"init\">\n<div style=\"display: none;\">\n<input type=\"hidden\" name=\"_wpcf7\" value=\"1440\" \/>\n<input type=\"hidden\" name=\"_wpcf7_version\" value=\"5.5.2\" \/>\n<input type=\"hidden\" name=\"_wpcf7_locale\" value=\"tr_TR\" \/>\n<input type=\"hidden\" name=\"_wpcf7_unit_tag\" value=\"wpcf7-f1440-o1\" \/>\n<input type=\"hidden\" name=\"_wpcf7_container_post\" value=\"0\" \/>\n<input type=\"hidden\" name=\"_wpcf7_posted_data_hash\" value=\"\" \/>\n<\/div>\n<div class=\"nd_options_float_left nd_options_box_sizing_border_box nd_options_width_100_percentage_all_iphone_important nd_options_padding_0_right_important_all_iphone nd_options_padding_0_left_important_all_iphone \" style=\"padding: 10px 0px; width:100%;\" ><span class=\"wpcf7-form-control-wrap name2\"><input type=\"text\" name=\"name2\" value=\"\" size=\"40\" class=\"wpcf7-form-control wpcf7-text wpcf7-validates-as-required\" aria-required=\"true\" aria-invalid=\"false\" placeholder=\"\u0130sim\" \/><\/span><\/div><br \/>\n<div class=\"nd_options_float_left nd_options_box_sizing_border_box nd_options_width_100_percentage_all_iphone_important nd_options_padding_0_right_important_all_iphone nd_options_padding_0_left_important_all_iphone \" style=\"padding: 10px 0px; width:100%;\" ><span class=\"wpcf7-form-control-wrap email\"><input type=\"email\" name=\"email\" value=\"\" size=\"40\" class=\"wpcf7-form-control wpcf7-text wpcf7-email wpcf7-validates-as-required wpcf7-validates-as-email\" aria-required=\"true\" aria-invalid=\"false\" placeholder=\"E-Posta\" \/><\/span><\/div><br \/>\n<div class=\"nd_options_float_left nd_options_box_sizing_border_box nd_options_width_100_percentage_all_iphone_important nd_options_padding_0_right_important_all_iphone nd_options_padding_0_left_important_all_iphone \" style=\"padding: 10px 0px; width:100%;\" ><span class=\"wpcf7-form-control-wrap subject\"><input type=\"text\" name=\"subject\" value=\"\" size=\"40\" class=\"wpcf7-form-control wpcf7-text wpcf7-validates-as-required\" aria-required=\"true\" aria-invalid=\"false\" placeholder=\"Konu\" \/><\/span><\/div><br \/>\n<div class=\"nd_options_float_left nd_options_box_sizing_border_box nd_options_width_100_percentage_all_iphone_important nd_options_padding_0_right_important_all_iphone nd_options_padding_0_left_important_all_iphone \" style=\"padding: 10px 0px; width:100%;\" ><span class=\"wpcf7-form-control-wrap message\"><textarea name=\"message\" cols=\"40\" rows=\"5\" class=\"wpcf7-form-control wpcf7-textarea wpcf7-validates-as-required\" aria-required=\"true\" aria-invalid=\"false\" placeholder=\"Mesaj\"><\/textarea><\/span><\/div><br \/>\n<div class=\"nd_options_float_left nd_options_box_sizing_border_box nd_options_width_100_percentage_all_iphone_important nd_options_padding_0_right_important_all_iphone nd_options_padding_0_left_important_all_iphone \" style=\"padding: 10px 0px; width:100%;\" ><input type=\"submit\" value=\"G\u00f6nder\" class=\"wpcf7-form-control has-spinner wpcf7-submit nd_options_submit_button_color\" \/><\/div>\n<div class=\"wpcf7-response-output\" aria-hidden=\"true\"><\/div><\/form><\/div> \r\n      <\/div>  \r\n\r\n    <\/div>\r\n    <!--end form-->\r\n\r\n   <div style=\"background-color:; height: 20px;\" class=\"nicdark_section  \"><\/div>[\/vc_column][vc_column width=&#8221;1\/4&#8243;][\/vc_column][\/vc_row][vc_row full_width=&#8221;stretch_row_content_no_spaces&#8221; css=&#8221;.vc_custom_1476114800174{margin-top: 0px !important;margin-bottom: 0px !important;}&#8221;][vc_column][vc_column_text][\/vc_column_text][\/vc_column][\/vc_row]<\/p>\n","protected":false},"excerpt":{"rendered":"<p>[vc_row css=&#8221;.vc_custom_1492593618245{margin-top: 40px !important;}&#8221;][vc_column width=&#8221;1\/4&#8243;][\/vc_column][vc_column width=&#8221;1\/2&#8243;][vc_column_text]Adres : 20 Goring Avenue Aucklandpark, Johannesburg, South Africa[\/vc_column_text][\/vc_column][vc_column width=&#8221;1\/4&#8243;][\/vc_column][\/vc_row][vc_row css=&#8221;.vc_custom_1492593618245{margin-top: 40px !important;}&#8221;][vc_column width=&#8221;1\/4&#8243;][\/vc_column][vc_column width=&#8221;1\/2&#8243;][\/vc_column][vc_column width=&#8221;1\/4&#8243;][\/vc_column][\/vc_row][vc_row full_width=&#8221;stretch_row_content_no_spaces&#8221; css=&#8221;.vc_custom_1476114800174{margin-top: 0px !important;margin-bottom: 0px !important;}&#8221;][vc_column][vc_column_text][\/vc_column_text][\/vc_column][\/vc_row]<\/p>\n","protected":false},"author":1,"featured_media":0,"parent":0,"menu_order":9,"comment_status":"closed","ping_status":"closed","template":"","meta":[],"_links":{"self":[{"href":"https:\/\/anvtrust.org\/tr\/wp-json\/wp\/v2\/pages\/433"}],"collection":[{"href":"https:\/\/anvtrust.org\/tr\/wp-json\/wp\/v2\/pages"}],"about":[{"href":"https:\/\/anvtrust.org\/tr\/wp-json\/wp\/v2\/types\/page"}],"author":[{"embeddable":true,"href":"https:\/\/anvtrust.org\/tr\/wp-json\/wp\/v2\/users\/1"}],"replies":[{"embeddable":true,"href":"https:\/\/anvtrust.org\/tr\/wp-json\/wp\/v2\/comments?post=433"}],"version-history":[{"count":0,"href":"https:\/\/anvtrust.org\/tr\/wp-json\/wp\/v2\/pages\/433\/revisions"}],"wp:attachment":[{"href":"https:\/\/anvtrust.org\/tr\/wp-json\/wp\/v2\/media?parent=433"}],"curies":[{"name":"wp","href":"https:\/\/api.w.org\/{rel}","templated":true}]}}