{"id":429,"date":"2017-04-18T14:51:29","date_gmt":"2017-04-18T11:51:29","guid":{"rendered":"http:\/\/www.nicdarkthemes.com\/themes\/charity\/wp\/demo\/charity-foundation\/?page_id=429"},"modified":"2022-11-11T20:37:29","modified_gmt":"2022-11-11T17:37:29","slug":"kurumsal","status":"publish","type":"page","link":"https:\/\/anvtrust.org\/tr\/kurumsal\/","title":{"rendered":"KURUMSAL"},"content":{"rendered":"<p>[vc_row][vc_column width=&#8221;4\/12&#8243; css=&#8221;.vc_custom_1467360650255{margin-top: 10px !important;margin-bottom: 10px !important;padding-top: 0px !important;padding-right: 40px !important;}&#8221;]<div style=\"background-color:; height: 10px;\" class=\"nicdark_section  \"><\/div>[\/vc_column][vc_column width=&#8221;4\/12&#8243; css=&#8221;.vc_custom_1467207292391{margin-top: 10px !important;margin-bottom: 10px !important;padding-top: 0px !important;}&#8221;]<div style=\"background-color:; height: 15px;\" class=\"nicdark_section  \"><\/div> <h1 style=\"color:#727475; padding:px; text-align:center; font-size:30px; line-height:40px; letter-spacing: px; font-weight:normal;\" class=\"  nd_options_text_align_center_responsive_important nd_options_first_font \">Y\u00f6netim KURULU<\/h1> [\/vc_column][vc_column width=&#8221;4\/12&#8243; css=&#8221;.vc_custom_1467207298589{margin-top: 10px !important;margin-bottom: 10px !important;padding-top: 0px !important;}&#8221;]<div style=\"background-color:; height: 15px;\" class=\"nicdark_section  \"><\/div>[\/vc_column][\/vc_row][vc_row css=&#8221;.vc_custom_1485535037496{margin-top: 50px !important;}&#8221;][vc_column width=&#8221;1\/6&#8243;][\/vc_column][vc_column width=&#8221;1\/3&#8243;]<div style=\"background-color:; height: 10px;\" class=\"nicdark_section  \"><\/div>\r\n\r\n    <div class=\"nd_options_section  nd_options_text_align_center \">\r\n\r\n        \r\n\r\n        <div class=\"nd_options_section nd_options_box_sizing_border_box\">\r\n            \r\n            <h3 class=\"nd_options_first_font  \" style=\"margin:10px 0px 0px 0px; color:; font-size:25px;line-height:25px;\">Y\u00fcksel Timur DEM\u0130R<\/h3> \r\n            <p class=\"nd_options_second_font  \" style=\"margin:20px 0px; color:#a3a3a3; font-size:18px;line-height:28px;\">Ba\u015fkan<\/p> \r\n            \r\n\r\n        <\/div>\r\n\r\n    <\/div>\r\n\r\n  <div style=\"background-color:; height: 10px;\" class=\"nicdark_section  \"><\/div>[\/vc_column][vc_column width=&#8221;1\/3&#8243;]<div style=\"background-color:; height: 10px;\" class=\"nicdark_section  \"><\/div>\r\n\r\n    <div class=\"nd_options_section  nd_options_text_align_center \">\r\n\r\n        \r\n\r\n        <div class=\"nd_options_section nd_options_box_sizing_border_box\">\r\n            \r\n            <h3 class=\"nd_options_first_font  \" style=\"margin:10px 0px 0px 0px; color:; font-size:25px;line-height:25px;\">H\u00fcseyin KESK\u0130N<\/h3> \r\n            <p class=\"nd_options_second_font  \" style=\"margin:20px 0px; color:#a3a3a3; font-size:18px;line-height:28px;\">Genel M\u00fcd\u00fcr<\/p> \r\n            \r\n\r\n        <\/div>\r\n\r\n    <\/div>\r\n\r\n  <div style=\"background-color:; height: 10px;\" class=\"nicdark_section  \"><\/div>[\/vc_column][vc_column width=&#8221;1\/6&#8243;][\/vc_column][\/vc_row][vc_row css=&#8221;.vc_custom_1485535037496{margin-top: 50px !important;}&#8221;][vc_column width=&#8221;1\/4&#8243;]<div style=\"background-color:; height: 10px;\" class=\"nicdark_section  \"><\/div>\r\n\r\n    <div class=\"nd_options_section  nd_options_text_align_center \">\r\n\r\n        \r\n\r\n        <div class=\"nd_options_section nd_options_box_sizing_border_box\">\r\n            \r\n            <h3 class=\"nd_options_first_font  \" style=\"margin:10px 0px 0px 0px; color:#727475; font-size:25px;line-height:25px;\">Abu Bekir SAL\u0130M<\/h3> \r\n            <p class=\"nd_options_second_font  \" style=\"margin:20px 0px; color:#a3a3a3; font-size:18px;line-height:28px;\">\u00dcye<\/p> \r\n            \r\n\r\n        <\/div>\r\n\r\n    <\/div>\r\n\r\n  <div style=\"background-color:; height: 10px;\" class=\"nicdark_section  \"><\/div>[\/vc_column][vc_column width=&#8221;1\/4&#8243;]<div style=\"background-color:; height: 10px;\" class=\"nicdark_section  \"><\/div>\r\n\r\n    <div class=\"nd_options_section  nd_options_text_align_center \">\r\n\r\n        \r\n\r\n        <div class=\"nd_options_section nd_options_box_sizing_border_box\">\r\n            \r\n            <h3 class=\"nd_options_first_font  \" style=\"margin:10px 0px 0px 0px; color:#727475; font-size:25px;line-height:25px;\">R\u0131za Kapucu<\/h3> \r\n            <p class=\"nd_options_second_font  \" style=\"margin:20px 0px; color:#a3a3a3; font-size:18px;line-height:28px;\">\u00dcye<\/p> \r\n            \r\n\r\n        <\/div>\r\n\r\n    <\/div>\r\n\r\n  <div style=\"background-color:; height: 10px;\" class=\"nicdark_section  \"><\/div>[\/vc_column][vc_column width=&#8221;1\/4&#8243;]<div style=\"background-color:; height: 10px;\" class=\"nicdark_section  \"><\/div>\r\n\r\n    <div class=\"nd_options_section  nd_options_text_align_center \">\r\n\r\n        \r\n\r\n        <div class=\"nd_options_section nd_options_box_sizing_border_box\">\r\n            \r\n            <h3 class=\"nd_options_first_font  \" style=\"margin:10px 0px 0px 0px; color:#727475; font-size:25px;line-height:25px;\">Abd\u00fclaziz Y\u0130\u011e\u0130T<\/h3> \r\n            <p class=\"nd_options_second_font  \" style=\"margin:20px 0px; color:#a3a3a3; font-size:18px;line-height:28px;\">\u00dcye<\/p> \r\n            \r\n\r\n        <\/div>\r\n\r\n    <\/div>\r\n\r\n  <div style=\"background-color:; height: 10px;\" class=\"nicdark_section  \"><\/div>[\/vc_column][vc_column width=&#8221;1\/4&#8243;]<div style=\"background-color:; height: 10px;\" class=\"nicdark_section  \"><\/div>\r\n\r\n    <div class=\"nd_options_section  nd_options_text_align_center \">\r\n\r\n        \r\n\r\n        <div class=\"nd_options_section nd_options_box_sizing_border_box\">\r\n            \r\n            <h3 class=\"nd_options_first_font  \" style=\"margin:10px 0px 0px 0px; color:#727475; font-size:25px;line-height:25px;\">Serkan ACAR<\/h3> \r\n            <p class=\"nd_options_second_font  \" style=\"margin:20px 0px; color:#a3a3a3; font-size:18px;line-height:28px;\">\u00dcye<\/p> \r\n            \r\n\r\n        <\/div>\r\n\r\n    <\/div>\r\n\r\n  <div style=\"background-color:; height: 10px;\" class=\"nicdark_section  \"><\/div>[\/vc_column][\/vc_row]<\/p>\n","protected":false},"excerpt":{"rendered":"<p>[vc_row][vc_column width=&#8221;4\/12&#8243; css=&#8221;.vc_custom_1467360650255{margin-top: 10px !important;margin-bottom: 10px !important;padding-top: 0px !important;padding-right: 40px !important;}&#8221;][\/vc_column][vc_column width=&#8221;4\/12&#8243; css=&#8221;.vc_custom_1467207292391{margin-top: 10px !important;margin-bottom: 10px !important;padding-top: 0px !important;}&#8221;][\/vc_column][vc_column width=&#8221;4\/12&#8243; css=&#8221;.vc_custom_1467207298589{margin-top: 10px !important;margin-bottom: 10px !important;padding-top: 0px !important;}&#8221;][\/vc_column][\/vc_row][vc_row css=&#8221;.vc_custom_1485535037496{margin-top: 50px !important;}&#8221;][vc_column width=&#8221;1\/6&#8243;][\/vc_column][vc_column width=&#8221;1\/3&#8243;][\/vc_column][vc_column width=&#8221;1\/3&#8243;][\/vc_column][vc_column width=&#8221;1\/6&#8243;][\/vc_column][\/vc_row][vc_row css=&#8221;.vc_custom_1485535037496{margin-top: 50px !important;}&#8221;][vc_column width=&#8221;1\/4&#8243;][\/vc_column][vc_column width=&#8221;1\/4&#8243;][\/vc_column][vc_column width=&#8221;1\/4&#8243;][\/vc_column][vc_column width=&#8221;1\/4&#8243;][\/vc_column][\/vc_row]<\/p>\n","protected":false},"author":1,"featured_media":0,"parent":0,"menu_order":3,"comment_status":"closed","ping_status":"closed","template":"","meta":[],"_links":{"self":[{"href":"https:\/\/anvtrust.org\/tr\/wp-json\/wp\/v2\/pages\/429"}],"collection":[{"href":"https:\/\/anvtrust.org\/tr\/wp-json\/wp\/v2\/pages"}],"about":[{"href":"https:\/\/anvtrust.org\/tr\/wp-json\/wp\/v2\/types\/page"}],"author":[{"embeddable":true,"href":"https:\/\/anvtrust.org\/tr\/wp-json\/wp\/v2\/users\/1"}],"replies":[{"embeddable":true,"href":"https:\/\/anvtrust.org\/tr\/wp-json\/wp\/v2\/comments?post=429"}],"version-history":[{"count":2,"href":"https:\/\/anvtrust.org\/tr\/wp-json\/wp\/v2\/pages\/429\/revisions"}],"predecessor-version":[{"id":1670,"href":"https:\/\/anvtrust.org\/tr\/wp-json\/wp\/v2\/pages\/429\/revisions\/1670"}],"wp:attachment":[{"href":"https:\/\/anvtrust.org\/tr\/wp-json\/wp\/v2\/media?parent=429"}],"curies":[{"name":"wp","href":"https:\/\/api.w.org\/{rel}","templated":true}]}}